{"id":18,"date":"2020-11-19T20:45:32","date_gmt":"2020-11-19T20:45:32","guid":{"rendered":"https:\/\/igf.cv\/wordpress\/?page_id=18"},"modified":"2020-12-08T16:04:33","modified_gmt":"2020-12-08T17:04:33","slug":"pagina-principal","status":"publish","type":"page","link":"https:\/\/igf.cv\/igf2020\/","title":{"rendered":""},"content":{"rendered":"\n<figure class=\"wp-block-image size-large\"><img src=\"https:\/\/igf.cv\/wp-content\/uploads\/2020\/11\/Banner-IGF3.jpg\" alt=\"\"\/><\/figure>\n\n\n\n<p class=\"has-large-font-size\">Links de acesso ao F\u00f3rum via a plataforma ZOOM:<\/p>\n\n\n\n<p>9 de dezembro<\/p>\n\n\n\n<p><a>Link: <\/a><a href=\"https:\/\/us02web.zoom.us\/webinar\/register\/WN_8dMyXVXSTsSKXDwtRswwzQ\">https:\/\/us02web.zoom.us\/webinar\/register\/WN_8dMyXVXSTsSKXDwtRswwzQ<\/a><\/p>\n\n\n\n<p>Webinar ID: 875 8208 8711<\/p>\n\n\n\n<p>Passcode: 749205<\/p>\n\n\n\n<p>10 de dezembro<\/p>\n\n\n\n<p>Link: <a href=\"https:\/\/us02web.zoom.us\/j\/86736057309?pwd=d1RvS2Q4ZDh1S3FXd0dFbFVTUk1WZz09\">https:\/\/us02web.zoom.us\/j\/86736057309?pwd=d1RvS2Q4ZDh1S3FXd0dFbFVTUk1WZz09<\/a><\/p>\n\n\n\n<p>Webinar ID: 867 3605 7309<\/p>\n\n\n\n<p>Passcode: 320640<\/p>\n\n\n\n<p>Live no Facebook  &#8211; <a href=\"https:\/\/www.facebook.com\/igfcpv\/\" target=\"_blank\" rel=\"noreferrer noopener\">https:\/\/www.facebook.com\/igfcpv<\/a><\/p>\n\n\n\n<p>Live no Youtube &#8211; <a href=\"https:\/\/www.youtube.com\/channel\/UCvg6KoBQX2UHBM-HaugYf5A\" target=\"_blank\" rel=\"noreferrer noopener\">https:\/\/www.youtube.com\/channel\/UCvg6KoBQX2UHBM-HaugYf5A<\/a><\/p>\n\n\n\n<p><\/p>\n\n\n\n<p class=\"has-large-font-size\">Agenda 1\u00ba Forum de Governan\u00e7a de Internet Cabo Verde<\/p>\n\n\n\n<div class=\"wp-block-group\"><div class=\"wp-block-group__inner-container\">\n<div class=\"wp-block-columns\">\n<div class=\"wp-block-column\">\n<p><strong>Dia 1: 09 de dezembro<\/strong><\/p>\n\n\n\n<p><strong>14:00<\/strong> &nbsp;Rece\u00e7\u00e3o dos participantes na sala virtual<\/p>\n\n\n\n<p><strong>14:30<\/strong> &nbsp;Boas vindas (50\u2019)<\/p>\n\n\n\n<p><strong>15:20<\/strong>&nbsp;&nbsp;Painel 1 \u2013 Inclus\u00e3o Digital= Internet para Todos? (60\u2019)<\/p>\n\n\n\n<p>&nbsp;<strong>16:20<\/strong> Intervalo<\/p>\n\n\n\n<p><strong>16:30<\/strong> Painel 2 &#8211; Como construir uma cultura de privacidade e prote\u00e7\u00e3o de dados pessoais desde a escola (60\u2019)<\/p>\n\n\n\n<p><strong>17:30<\/strong>&nbsp;&nbsp;Painel 3 &#8211; &nbsp;&nbsp;A import\u00e2ncia das compet\u00eancias digitais no meio da pandemia de COVID-19 (60\u2019) <\/p>\n\n\n\n<p><strong>18:30<\/strong>&nbsp;Encerramento 1\u00ba dia<\/p>\n<\/div>\n\n\n\n<div class=\"wp-block-column\">\n<p><strong>Dia 2: 10 de dezembro<\/strong><\/p>\n\n\n\n<p><strong>14:00<\/strong> Rece\u00e7\u00e3o dos participantes na sala virtual<\/p>\n\n\n\n<p><strong>14:30<\/strong>  Painel 1 &#8211; Conte\u00fados ilegais na Internet \u2013 \u201cDark Web versus Ciberseguran\u00e7a\u201d (60\u2019)<\/p>\n\n\n\n<p><strong>15:30<\/strong>&nbsp;Painel 2 &#8211; O que ELAS t\u00eam a dizer sobre G\u00caNERO, EMPODERAMENTO e INTERNET (60\u2019)<\/p>\n\n\n\n<p><strong>16:30<\/strong> Intervalo<\/p>\n\n\n\n<p><strong>16:40<\/strong>&nbsp;Painel 3 &#8211; Crian\u00e7as e adolescentes: que a\u00e7\u00f5es de educa\u00e7\u00e3o e consciencializa\u00e7\u00e3o para uso seguro, saud\u00e1vel e respons\u00e1vel da Internet?(60\u2019)<\/p>\n\n\n\n<p><strong>17:40<\/strong>&nbsp; Sess\u00e3o de Encerramento<\/p>\n<\/div>\n<\/div>\n\n\n\n<p><\/p>\n<\/div><\/div>\n\n\n\n<div class=\"wp-block-file\"><a href=\"https:\/\/igf.cv\/wp-content\/uploads\/2020\/12\/InternetGovernanceForumCaboVerde2020_Agenda.pdf\" target=\"_blank\" rel=\"noreferrer noopener\">Agenda completa da IGF Cabo Verde<\/a><a href=\"https:\/\/igf.cv\/wp-content\/uploads\/2020\/12\/InternetGovernanceForumCaboVerde2020_Agenda.pdf\" class=\"wp-block-file__button\" download>Download<\/a><\/div>\n\n\n\n<p><\/p>\n","protected":false},"excerpt":{"rendered":"<p>Links de acesso ao F\u00f3rum via a plataforma ZOOM: 9 de dezembro Link: https:\/\/us02web.zoom.us\/webinar\/register\/WN_8dMyXVXSTsSKXDwtRswwzQ Webinar ID: 875 8208 8711 Passcode: 749205 10 de dezembro Link: https:\/\/us02web.zoom.us\/j\/86736057309?pwd=d1RvS2Q4ZDh1S3FXd0dFbFVTUk1WZz09 Webinar ID: 867 3605 7309 Passcode: 320640 Live no Facebook &#8211; https:\/\/www.facebook.com\/igfcpv Live no Youtube &#8211; https:\/\/www.youtube.com\/channel\/UCvg6KoBQX2UHBM-HaugYf5A Agenda 1\u00ba Forum de Governan\u00e7a de Internet Cabo Verde<\/p>\n","protected":false},"author":1,"featured_media":0,"parent":0,"menu_order":0,"comment_status":"closed","ping_status":"closed","template":"fullwidth.php","meta":[],"_links":{"self":[{"href":"https:\/\/igf.cv\/igf2020\/index.php?rest_route=\/wp\/v2\/pages\/18"}],"collection":[{"href":"https:\/\/igf.cv\/igf2020\/index.php?rest_route=\/wp\/v2\/pages"}],"about":[{"href":"https:\/\/igf.cv\/igf2020\/index.php?rest_route=\/wp\/v2\/types\/page"}],"author":[{"embeddable":true,"href":"https:\/\/igf.cv\/igf2020\/index.php?rest_route=\/wp\/v2\/users\/1"}],"replies":[{"embeddable":true,"href":"https:\/\/igf.cv\/igf2020\/index.php?rest_route=%2Fwp%2Fv2%2Fcomments&post=18"}],"version-history":[{"count":24,"href":"https:\/\/igf.cv\/igf2020\/index.php?rest_route=\/wp\/v2\/pages\/18\/revisions"}],"predecessor-version":[{"id":84,"href":"https:\/\/igf.cv\/igf2020\/index.php?rest_route=\/wp\/v2\/pages\/18\/revisions\/84"}],"wp:attachment":[{"href":"https:\/\/igf.cv\/igf2020\/index.php?rest_route=%2Fwp%2Fv2%2Fmedia&parent=18"}],"curies":[{"name":"wp","href":"https:\/\/api.w.org\/{rel}","templated":true}]}}