{"id":18,"date":"2020-11-19T20:45:32","date_gmt":"2020-11-19T20:45:32","guid":{"rendered":"https:\/\/igf.cv\/wordpress\/?page_id=18"},"modified":"2026-04-21T16:07:28","modified_gmt":"2026-04-21T17:07:28","slug":"pagina-principal","status":"publish","type":"page","link":"https:\/\/igf.cv\/","title":{"rendered":""},"content":{"rendered":"\n<figure class=\"wp-block-image size-large\"><img loading=\"lazy\" width=\"1200\" height=\"520\" src=\"https:\/\/igf.cv\/wp-content\/uploads\/2026\/04\/Banner_Portal-IGF.png\" alt=\"\" class=\"wp-image-184\"\/><\/figure>\n\n\n\n<p style=\"font-size:24px\"><strong>Formul\u00e1rio de Inscri\u00e7\u00e3o<\/strong><\/p>\n\n\n\n<p>Dias: 21 e 22 de abril 2026<\/p>\n\n\n\n<p>Hora: 09:00 Cape Verde Islands<\/p>\n\n\n\n<p>Por favor, inscreva no forum no link abaixo:<\/p>\n\n\n\n<p style=\"font-size:19px\"><strong><a href=\"https:\/\/forms.cloud.microsoft\/r\/dm8mxzJ2DR\" data-type=\"URL\" data-id=\"https:\/\/forms.cloud.microsoft\/r\/dm8mxzJ2DR\" target=\"_blank\" rel=\"noreferrer noopener\">Inscri\u00e7\u00e3o aqui!<\/a><\/strong><\/p>\n\n\n\n<p><strong><a href=\"https:\/\/arme-cv.zoom.us\/j\/82264323838?pwd=KhSCJfV1KuHJWKvl3aaHvij2bLlCpe.1\">Link Zoom para assistir o 6\u00ba F\u00f3rum de Governan\u00e7a da Internet Cabo Verde<\/a><\/strong><\/p>\n\n\n\n<p><strong>Agenda 6\u00ba F\u00f3rum sobre a  Governan\u00e7\u00e3o da Internet Cabo Verde<\/strong><\/p>\n\n\n\n<div class=\"wp-block-group\"><div class=\"wp-block-group__inner-container\">\n<div class=\"wp-block-columns\">\n<div class=\"wp-block-column\">\n<p style=\"font-size:17px\"><strong>Dia 21 &#8211; ter\u00e7a-feira<\/strong><\/p>\n\n\n\n<p><strong>Per\u00edodo da Manh\u00e3<\/strong><\/p>\n\n\n\n<p><strong>09:00 <\/strong>Rece\u00e7\u00e3o dos participantes (30\u2019)<\/p>\n\n\n\n<p><strong>09:30&nbsp;<\/strong> Sess\u00e3o de Abertura (30\u2019)<\/p>\n\n\n\n<p><strong>10:15<\/strong> <em>Coffee Break<\/em> e visita aos Stands (30&#8243;)<\/p>\n\n\n\n<p><strong>11:00&nbsp;&nbsp;<\/strong>Painel 1 \u2013 Governan\u00e7a Digital e Intelig\u00eancia Artificial para o Desenvolvimento de Cabo Verde (90\u2019)<\/p>\n\n\n\n<p><strong>12:30<\/strong> Debate (30\u2019)<\/p>\n\n\n\n<p><strong>13:00 <\/strong> Intervalo para o Almo\u00e7o <\/p>\n\n\n\n<p><\/p>\n<\/div>\n\n\n\n<div class=\"wp-block-column\">\n<p><\/p>\n\n\n\n<p><strong>Per\u00edodo da Tarde<\/strong><\/p>\n\n\n\n<p><strong>14:30 <\/strong> Pitch INPS Mobile<\/p>\n\n\n\n<p><strong>14:45<\/strong>  Pitch eSkola<\/p>\n\n\n\n<p><strong>15:00&nbsp;<\/strong>Painel 2 \u2013 Transforma\u00e7\u00e3o Digital e Servi\u00e7os P\u00fablicos Inteligentes (60\u2019)<\/p>\n\n\n\n<p><strong>16:00<\/strong>&nbsp;Debate (20\u2019)<\/p>\n\n\n\n<p><strong>16:<\/strong>30 Pitch TeleVinti4<\/p>\n\n\n\n<p>16:45 Pitch Pratex<\/p>\n\n\n\n<p>17:00 Biggthen Digital Solution<\/p>\n\n\n\n<p><strong>17:<\/strong>15 Encerramento<\/p>\n\n\n\n<p><strong>18:30<\/strong> Sarau T\u00e9cnologico <\/p>\n\n\n\n<p>     <\/p>\n<\/div>\n<\/div>\n<\/div><\/div>\n\n\n\n<p style=\"font-size:17px\"><strong>Dia 22 &#8211; quarta-feira<\/strong><\/p>\n\n\n\n<p>No \u00e2mbito do F\u00f3rum de Governa\u00e7\u00e3o da Internet de Cabo Verde, a ARME, enquanto organizadora do evento, promove, em parceria com a SheTech e a Women in Tech Cabo Verde, uma sess\u00e3o de mentoria destinada a meninas e jovens mulheres de diferentes liceus da Praia, assinalando o Dia Internacional das Meninas nas TIC, celebrado mundialmente, em 2026, no dia 23 de abril.<\/p>\n","protected":false},"excerpt":{"rendered":"<p>Formul\u00e1rio de Inscri\u00e7\u00e3o Dias: 21 e 22 de abril 2026 Hora: 09:00 Cape Verde Islands Por favor, inscreva no forum no link abaixo: Inscri\u00e7\u00e3o aqui! Link Zoom para assistir o 6\u00ba F\u00f3rum de Governan\u00e7a da Internet Cabo Verde Agenda 6\u00ba F\u00f3rum sobre a Governan\u00e7\u00e3o da Internet Cabo Verde Dia 22 &#8211; quarta-feira No \u00e2mbito do [&hellip;]<\/p>\n","protected":false},"author":1,"featured_media":0,"parent":0,"menu_order":0,"comment_status":"closed","ping_status":"closed","template":"fullwidth.php","meta":[],"_links":{"self":[{"href":"https:\/\/igf.cv\/index.php?rest_route=\/wp\/v2\/pages\/18"}],"collection":[{"href":"https:\/\/igf.cv\/index.php?rest_route=\/wp\/v2\/pages"}],"about":[{"href":"https:\/\/igf.cv\/index.php?rest_route=\/wp\/v2\/types\/page"}],"author":[{"embeddable":true,"href":"https:\/\/igf.cv\/index.php?rest_route=\/wp\/v2\/users\/1"}],"replies":[{"embeddable":true,"href":"https:\/\/igf.cv\/index.php?rest_route=%2Fwp%2Fv2%2Fcomments&post=18"}],"version-history":[{"count":53,"href":"https:\/\/igf.cv\/index.php?rest_route=\/wp\/v2\/pages\/18\/revisions"}],"predecessor-version":[{"id":191,"href":"https:\/\/igf.cv\/index.php?rest_route=\/wp\/v2\/pages\/18\/revisions\/191"}],"wp:attachment":[{"href":"https:\/\/igf.cv\/index.php?rest_route=%2Fwp%2Fv2%2Fmedia&parent=18"}],"curies":[{"name":"wp","href":"https:\/\/api.w.org\/{rel}","templated":true}]}}